{"id":18,"date":"2016-01-10T21:37:29","date_gmt":"2016-01-10T20:37:29","guid":{"rendered":"http:\/\/www.kosmopolitmusic.de\/website2016\/?page_id=18"},"modified":"2020-09-29T23:29:56","modified_gmt":"2020-09-29T21:29:56","slug":"homepage","status":"publish","type":"page","link":"https:\/\/www.kosmopolitmusic.de\/","title":{"rendered":"Homepage"},"content":{"rendered":"<div class=\"one_third\"><img class=\"aligncenter size-full wp-image-141\" src=\"https:\/\/www.kosmopolitmusic.de\/website2016\/wp-content\/uploads\/2016\/01\/stage_011.jpg\" alt=\"stage_011\" width=\"350\" srcset=\"https:\/\/www.kosmopolitmusic.de\/website2016\/wp-content\/uploads\/2016\/01\/stage_011.jpg 893w, https:\/\/www.kosmopolitmusic.de\/website2016\/wp-content\/uploads\/2016\/01\/stage_011-300x225.jpg 300w, https:\/\/www.kosmopolitmusic.de\/website2016\/wp-content\/uploads\/2016\/01\/stage_011-768x576.jpg 768w\" sizes=\"(max-width: 893px) 100vw, 893px\" \/><br \/><\/div>\n<div class=\"two_third last\"><h2><strong>Willkommen bei kosmopolit music group.<\/strong><\/h2>\n<p>Bei dem Berliner Musikverlag von Vanessa Maurischat und Annie Heger finden Urheber*innen umfassende Betreuung, damit diese Zeit haben zu schreiben, spielen und sich ihrer Musik zu widmen.<\/p>\n<p>Der Wandel in der Musikindustrie durch abnehmende Einnahmen von CD-Verk\u00e4ufen zu zunehmenden digitalen Downloads und Streamingdiensten, r\u00fcckt das urspr\u00fcngliche Handwerk eines Musikers wieder in den Vordergrund &#8211; der Live-Auftritt. Wir wollen die Arbeit unserer Urheber*innen auf breitere F\u00fc\u00dfe stellen, damit sie sich ohne Abstriche ihrem Schaffen widmen k\u00f6nnen. Unsere Unterst\u00fctzung liegt dabei vornehmlich in allen administrativen T\u00e4tigkeiten in Bezug auf den Dialog mit Verwertungsgesellschaften. Von der Werkanmeldung \u00fcber Musikfolgenabgabe bis hin zur Kontrolle der Tantiemen-Abrechnung.<br \/><\/div><div class=\"clear\"><\/div>\n<div class=\"divider  thin\"  style=\"margin:30px 0 30px 0;\"><\/div>\n<div class=\"one_third\"><\/div>\n<h2><\/h2>\n<h2>Unsere\u00a0<strong>K\u00fcnstler*innen<\/strong><\/h2>\n<div class=\"artist-list-wrap\"><div class=\"artist-list col-5\"><div class=\"custompost_thumb port_img\"><figure><img    alt=\"Alek Sandar\" src=\"https:\/\/www.kosmopolitmusic.de\/website2016\/wp-content\/uploads\/2016\/01\/aleks3-2-logo.jpg\" width=\"1024\" height=\"1024\"><\/figure><div class=\"hover_type\"><a class=\"hoverartist\" href=\"https:\/\/www.kosmopolitmusic.de\/?artists=alek-sandar\" title=\"Alek Sandar\"><\/a><\/div><span class=\"imgoverlay\"><\/span><\/div><div class=\"artist-desc\"><h2 class=\"entry-title\"><a href=\"https:\/\/www.kosmopolitmusic.de\/?artists=alek-sandar\">Alek Sandar<\/a><\/h2><span>Pop<\/span><\/div><\/div><div class=\"artist-list col-5\"><div class=\"custompost_thumb port_img\"><figure><img    alt=\"Annie Heger\" src=\"https:\/\/www.kosmopolitmusic.de\/website2016\/wp-content\/uploads\/2016\/01\/bearb_DSC2864_V1-e1601415239542.jpg\" width=\"1024\" height=\"1024\"><\/figure><div class=\"hover_type\"><a class=\"hoverartist\" href=\"https:\/\/www.kosmopolitmusic.de\/?artists=annie-heger\" title=\"Annie Heger\"><\/a><\/div><span class=\"imgoverlay\"><\/span><\/div><div class=\"artist-desc\"><h2 class=\"entry-title\"><a href=\"https:\/\/www.kosmopolitmusic.de\/?artists=annie-heger\">Annie Heger<\/a><\/h2><span>PlattPop, CountryPop<\/span><\/div><\/div><div class=\"artist-list col-5\"><div class=\"custompost_thumb port_img\"><figure><img    alt=\"De Schkandolmokers\" src=\"https:\/\/www.kosmopolitmusic.de\/website2016\/wp-content\/uploads\/2016\/01\/Schkandolmokers1.jpg\" width=\"1024\" height=\"1024\"><\/figure><div class=\"hover_type\"><a class=\"hoverartist\" href=\"https:\/\/www.kosmopolitmusic.de\/?artists=de-schkandalmokers\" title=\"De Schkandolmokers\"><\/a><\/div><span class=\"imgoverlay\"><\/span><\/div><div class=\"artist-desc\"><h2 class=\"entry-title\"><a href=\"https:\/\/www.kosmopolitmusic.de\/?artists=de-schkandalmokers\">De Schkandolmokers<\/a><\/h2><span>Punk up Platt<\/span><\/div><\/div><div class=\"artist-list col-5\"><div class=\"custompost_thumb port_img\"><figure><img    alt=\"Ela Querfeld\" src=\"https:\/\/www.kosmopolitmusic.de\/website2016\/wp-content\/uploads\/2016\/01\/Pressefoto_ELAQUERFELD_2016_4000x2670-1024x1024.jpeg\" width=\"1024\" height=\"1024\"><\/figure><div class=\"hover_type\"><a class=\"hoverartist\" href=\"https:\/\/www.kosmopolitmusic.de\/?artists=ela-querfeld\" title=\"Ela Querfeld\"><\/a><\/div><span class=\"imgoverlay\"><\/span><\/div><div class=\"artist-desc\"><h2 class=\"entry-title\"><a href=\"https:\/\/www.kosmopolitmusic.de\/?artists=ela-querfeld\">Ela Querfeld<\/a><\/h2><span>NeoPop<\/span><\/div><\/div><div class=\"artist-list col-5\"><div class=\"custompost_thumb port_img\"><figure><img    alt=\"Hanne Kah\" src=\"https:\/\/www.kosmopolitmusic.de\/website2016\/wp-content\/uploads\/2016\/01\/HANNE-17-1-von-1-1024x1024.jpg\" width=\"1024\" height=\"1024\"><\/figure><div class=\"hover_type\"><a class=\"hoverartist\" href=\"https:\/\/www.kosmopolitmusic.de\/?artists=hanne-kah\" title=\"Hanne Kah\"><\/a><\/div><span class=\"imgoverlay\"><\/span><\/div><div class=\"artist-desc\"><h2 class=\"entry-title\"><a href=\"https:\/\/www.kosmopolitmusic.de\/?artists=hanne-kah\">Hanne Kah<\/a><\/h2><span>CountryPop<\/span><\/div><\/div><div class=\"artist-list col-5\"><div class=\"custompost_thumb port_img\"><figure><img    alt=\"Holger Edmaier\" src=\"https:\/\/www.kosmopolitmusic.de\/website2016\/wp-content\/uploads\/2016\/01\/HolgerEdmaier.jpg\" width=\"1024\" height=\"1024\"><\/figure><div class=\"hover_type\"><a class=\"hoverartist\" href=\"https:\/\/www.kosmopolitmusic.de\/?artists=holger-edmaier\" title=\"Holger Edmaier\"><\/a><\/div><span class=\"imgoverlay\"><\/span><\/div><div class=\"artist-desc\"><h2 class=\"entry-title\"><a href=\"https:\/\/www.kosmopolitmusic.de\/?artists=holger-edmaier\">Holger Edmaier<\/a><\/h2><span>PopKabarett, Pop<\/span><\/div><\/div><div class=\"artist-list col-5\"><div class=\"custompost_thumb port_img\"><figure><img    alt=\"Insina L\u00fcschen &#038; Jens Pape\" src=\"https:\/\/www.kosmopolitmusic.de\/website2016\/wp-content\/uploads\/2016\/01\/L\u00fcschenPape.jpg\" width=\"1024\" height=\"1024\"><\/figure><div class=\"hover_type\"><a class=\"hoverartist\" href=\"https:\/\/www.kosmopolitmusic.de\/?artists=insina-loeschen-jens-papa\" title=\"Insina L\u00fcschen &#038; Jens Pape\"><\/a><\/div><span class=\"imgoverlay\"><\/span><\/div><div class=\"artist-desc\"><h2 class=\"entry-title\"><a href=\"https:\/\/www.kosmopolitmusic.de\/?artists=insina-loeschen-jens-papa\">Insina L\u00fcschen &#038; Jens Pape<\/a><\/h2><span>Plattdeutsch, Schlaflieder<\/span><\/div><\/div><div class=\"artist-list col-5\"><div class=\"custompost_thumb port_img\"><figure><img    alt=\"Jens Heinrich Claassen\" src=\"https:\/\/www.kosmopolitmusic.de\/website2016\/wp-content\/uploads\/2016\/01\/Claasen.jpg\" width=\"1024\" height=\"1024\"><\/figure><div class=\"hover_type\"><a class=\"hoverartist\" href=\"https:\/\/www.kosmopolitmusic.de\/?artists=jens-heinrich-claasen\" title=\"Jens Heinrich Claassen\"><\/a><\/div><span class=\"imgoverlay\"><\/span><\/div><div class=\"artist-desc\"><h2 class=\"entry-title\"><a href=\"https:\/\/www.kosmopolitmusic.de\/?artists=jens-heinrich-claasen\">Jens Heinrich Claassen<\/a><\/h2><span>Musikkabarett<\/span><\/div><\/div><div class=\"artist-list col-5\"><div class=\"custompost_thumb port_img\"><figure><img    alt=\"Matthias Monka\" src=\"https:\/\/www.kosmopolitmusic.de\/website2016\/wp-content\/uploads\/2016\/01\/Matthias-Monka.jpg\" width=\"1024\" height=\"1024\"><\/figure><div class=\"hover_type\"><a class=\"hoverartist\" href=\"https:\/\/www.kosmopolitmusic.de\/?artists=matthias-monka\" title=\"Matthias Monka\"><\/a><\/div><span class=\"imgoverlay\"><\/span><\/div><div class=\"artist-desc\"><h2 class=\"entry-title\"><a href=\"https:\/\/www.kosmopolitmusic.de\/?artists=matthias-monka\">Matthias Monka<\/a><\/h2><span>Swing, Deutscher Pop<\/span><\/div><\/div><div class=\"artist-list col-5\"><div class=\"custompost_thumb port_img\"><figure><img    alt=\"Projekt 100% Mensch\" src=\"https:\/\/www.kosmopolitmusic.de\/website2016\/wp-content\/uploads\/2019\/06\/FINAL-Cover-Say-Something-Mosaik-3000x3000-Original-OHNE-NAMEN-1024x1024.jpg\" width=\"1024\" height=\"1024\"><\/figure><div class=\"hover_type\"><a class=\"hoverartist\" href=\"https:\/\/www.kosmopolitmusic.de\/?artists=projekt-100-mensch\" title=\"Projekt 100% Mensch\"><\/a><\/div><span class=\"imgoverlay\"><\/span><\/div><div class=\"artist-desc\"><h2 class=\"entry-title\"><a href=\"https:\/\/www.kosmopolitmusic.de\/?artists=projekt-100-mensch\">Projekt 100% Mensch<\/a><\/h2><span>Schlager, Pop, Dancehall<\/span><\/div><\/div><div class=\"artist-list col-5\"><div class=\"custompost_thumb port_img\"><figure><img    alt=\"Vanessa Maurischat\" src=\"https:\/\/www.kosmopolitmusic.de\/website2016\/wp-content\/uploads\/2016\/01\/VanessaMaurischat.jpg\" width=\"1024\" height=\"1024\"><\/figure><div class=\"hover_type\"><a class=\"hoverartist\" href=\"https:\/\/www.kosmopolitmusic.de\/?artists=vanessa-maurischat\" title=\"Vanessa Maurischat\"><\/a><\/div><span class=\"imgoverlay\"><\/span><\/div><div class=\"artist-desc\"><h2 class=\"entry-title\"><a href=\"https:\/\/www.kosmopolitmusic.de\/?artists=vanessa-maurischat\">Vanessa Maurischat<\/a><\/h2><span>SalonPop, Liedermaching<\/span><\/div><\/div><div class=\"artist-list col-5\"><div class=\"custompost_thumb port_img\"><figure><img    alt=\"Uwe Heger\" src=\"https:\/\/www.kosmopolitmusic.de\/website2016\/wp-content\/uploads\/2016\/02\/HegerUwe.jpg\" width=\"1024\" height=\"1024\"><\/figure><div class=\"hover_type\"><a class=\"hoverartist\" href=\"https:\/\/www.kosmopolitmusic.de\/?artists=uwe-heger\" title=\"Uwe Heger\"><\/a><\/div><span class=\"imgoverlay\"><\/span><\/div><div class=\"artist-desc\"><h2 class=\"entry-title\"><a href=\"https:\/\/www.kosmopolitmusic.de\/?artists=uwe-heger\">Uwe Heger<\/a><\/h2><span>Weltmusik, Instrumentalmusik<\/span><\/div><\/div><div class=\"artist-list col-5\"><div class=\"custompost_thumb port_img\"><figure><img    alt=\"Matthias Weiss\" src=\"https:\/\/www.kosmopolitmusic.de\/website2016\/wp-content\/uploads\/2016\/05\/MWeiss_Presse_04546_25_07_2016_komp90-1024x1024.jpg\" width=\"1024\" height=\"1024\"><\/figure><div class=\"hover_type\"><a class=\"hoverartist\" href=\"https:\/\/www.kosmopolitmusic.de\/?artists=matthias-weiss\" title=\"Matthias Weiss\"><\/a><\/div><span class=\"imgoverlay\"><\/span><\/div><div class=\"artist-desc\"><h2 class=\"entry-title\"><a href=\"https:\/\/www.kosmopolitmusic.de\/?artists=matthias-weiss\">Matthias Weiss<\/a><\/h2><span>Musikkabarett<\/span><\/div><\/div><div class=\"artist-list col-5\"><div class=\"custompost_thumb port_img\"><figure><img    alt=\"Patrizia Moresco\" src=\"https:\/\/www.kosmopolitmusic.de\/website2016\/wp-content\/uploads\/2016\/10\/PABiss_Hoch1_A6_Christine_Fenzl-1024x1024.jpg\" width=\"1024\" height=\"1024\"><\/figure><div class=\"hover_type\"><a class=\"hoverartist\" href=\"https:\/\/www.kosmopolitmusic.de\/?artists=patrizia-moresco\" title=\"Patrizia Moresco\"><\/a><\/div><span class=\"imgoverlay\"><\/span><\/div><div class=\"artist-desc\"><h2 class=\"entry-title\"><a href=\"https:\/\/www.kosmopolitmusic.de\/?artists=patrizia-moresco\">Patrizia Moresco<\/a><\/h2><span>Kabarett<\/span><\/div><\/div><div class=\"artist-list col-5\"><div class=\"custompost_thumb port_img\"><figure><img    alt=\"Masters and Commander\" src=\"https:\/\/www.kosmopolitmusic.de\/website2016\/wp-content\/uploads\/2016\/10\/mac_presse_2020_02_auto-bea-1-e1580665615629.jpg\" width=\"1024\" height=\"1024\"><\/figure><div class=\"hover_type\"><a class=\"hoverartist\" href=\"https:\/\/www.kosmopolitmusic.de\/?artists=masters-and-commander\" title=\"Masters and Commander\"><\/a><\/div><span class=\"imgoverlay\"><\/span><\/div><div class=\"artist-desc\"><h2 class=\"entry-title\"><a href=\"https:\/\/www.kosmopolitmusic.de\/?artists=masters-and-commander\">Masters and Commander<\/a><\/h2><span>Punk<\/span><\/div><\/div><div class=\"artist-list col-5\"><div class=\"custompost_thumb port_img\"><figure><img    alt=\"Papergrass\" src=\"https:\/\/www.kosmopolitmusic.de\/website2016\/wp-content\/uploads\/2017\/02\/DSC6186-1024x1024.jpg\" width=\"1024\" height=\"1024\"><\/figure><div class=\"hover_type\"><a class=\"hoverartist\" href=\"https:\/\/www.kosmopolitmusic.de\/?artists=papergrass\" title=\"Papergrass\"><\/a><\/div><span class=\"imgoverlay\"><\/span><\/div><div class=\"artist-desc\"><h2 class=\"entry-title\"><a href=\"https:\/\/www.kosmopolitmusic.de\/?artists=papergrass\">Papergrass<\/a><\/h2><span>Space Rock<\/span><\/div><\/div><div class=\"artist-list col-5\"><div class=\"custompost_thumb port_img\"><figure><img    alt=\"De Winnewupps\" src=\"https:\/\/www.kosmopolitmusic.de\/website2016\/wp-content\/uploads\/2018\/01\/Unbenannt-1024x795.jpg\" width=\"1024\" height=\"1024\"><\/figure><div class=\"hover_type\"><a class=\"hoverartist\" href=\"https:\/\/www.kosmopolitmusic.de\/?artists=de-winnewupps\" title=\"De Winnewupps\"><\/a><\/div><span class=\"imgoverlay\"><\/span><\/div><div class=\"artist-desc\"><h2 class=\"entry-title\"><a href=\"https:\/\/www.kosmopolitmusic.de\/?artists=de-winnewupps\">De Winnewupps<\/a><\/h2><span>Metal, Plattdeutsch<\/span><\/div><\/div><div class=\"artist-list col-5\"><div class=\"custompost_thumb port_img\"><figure><img    alt=\"Heger &#038; Maurischat GbR\" src=\"https:\/\/www.kosmopolitmusic.de\/website2016\/wp-content\/uploads\/2018\/07\/EINE-GEHT-NOCH-Heger-Maurischat-GbR-2-web-936x1024.jpg\" width=\"1024\" height=\"1024\"><\/figure><div class=\"hover_type\"><a class=\"hoverartist\" href=\"https:\/\/www.kosmopolitmusic.de\/?artists=heger-maurischat-gbr\" title=\"Heger &#038; Maurischat GbR\"><\/a><\/div><span class=\"imgoverlay\"><\/span><\/div><div class=\"artist-desc\"><h2 class=\"entry-title\"><a href=\"https:\/\/www.kosmopolitmusic.de\/?artists=heger-maurischat-gbr\">Heger &#038; Maurischat GbR<\/a><\/h2><span>Musikkabarett<\/span><\/div><\/div><div class=\"artist-list col-5\"><div class=\"custompost_thumb port_img\"><figure><img    alt=\"Sandra Otte\" src=\"https:\/\/www.kosmopolitmusic.de\/website2016\/wp-content\/uploads\/2020\/01\/66074046_344460863155247_5706440085159804928_o-1024x1024.jpg\" width=\"1024\" height=\"1024\"><\/figure><div class=\"hover_type\"><a class=\"hoverartist\" href=\"https:\/\/www.kosmopolitmusic.de\/?artists=sandra-otte\" title=\"Sandra Otte\"><\/a><\/div><span class=\"imgoverlay\"><\/span><\/div><div class=\"artist-desc\"><h2 class=\"entry-title\"><a href=\"https:\/\/www.kosmopolitmusic.de\/?artists=sandra-otte\">Sandra Otte<\/a><\/h2><span>LIedermaching<\/span><\/div><\/div><div class=\"artist-list col-5\"><div class=\"custompost_thumb port_img\"><figure><img    alt=\"Linc Van Johnson\" src=\"https:\/\/www.kosmopolitmusic.de\/website2016\/wp-content\/uploads\/2020\/06\/Promo-Vintage-ohne-Logo-1-1024x1024.jpg\" width=\"1024\" height=\"1024\"><\/figure><div class=\"hover_type\"><a class=\"hoverartist\" href=\"https:\/\/www.kosmopolitmusic.de\/?artists=linc-van-johnson\" title=\"Linc Van Johnson\"><\/a><\/div><span class=\"imgoverlay\"><\/span><\/div><div class=\"artist-desc\"><h2 class=\"entry-title\"><a href=\"https:\/\/www.kosmopolitmusic.de\/?artists=linc-van-johnson\">Linc Van Johnson<\/a><\/h2><span>Alternative Country, Folk<\/span><\/div><\/div><div class=\"artist-list col-5\"><div class=\"custompost_thumb port_img\"><figure><img    alt=\"Till Simon\" src=\"https:\/\/www.kosmopolitmusic.de\/website2016\/wp-content\/uploads\/2020\/09\/88186996-f2b0-4d10-a65c-0b684c484a12.jpg\" width=\"1024\" height=\"1024\"><\/figure><div class=\"hover_type\"><a class=\"hoverartist\" href=\"https:\/\/www.kosmopolitmusic.de\/?artists=till-simon\" title=\"Till Simon\"><\/a><\/div><span class=\"imgoverlay\"><\/span><\/div><div class=\"artist-desc\"><h2 class=\"entry-title\"><a href=\"https:\/\/www.kosmopolitmusic.de\/?artists=till-simon\">Till Simon<\/a><\/h2><span>DeutschPop<\/span><\/div><\/div><div class=\"artist-list col-5\"><div class=\"custompost_thumb port_img\"><figure><img    alt=\"Insina L\u00fcschen\" src=\"https:\/\/www.kosmopolitmusic.de\/website2016\/wp-content\/uploads\/2019\/08\/67618022_337658103787889_1464378926456373248_o-853x1024.jpg\" width=\"1024\" height=\"1024\"><\/figure><div class=\"hover_type\"><a class=\"hoverartist\" href=\"https:\/\/www.kosmopolitmusic.de\/?artists=insina-lueschen\" title=\"Insina L\u00fcschen\"><\/a><\/div><span class=\"imgoverlay\"><\/span><\/div><div class=\"artist-desc\"><h2 class=\"entry-title\"><a href=\"https:\/\/www.kosmopolitmusic.de\/?artists=insina-lueschen\">Insina L\u00fcschen<\/a><\/h2><span>Singer-Songwriter; DeutschPop<\/span><\/div><\/div><\/div>\n","protected":false},"excerpt":{"rendered":"<p>Unsere\u00a0K\u00fcnstler*innen<\/p>\n","protected":false},"author":1,"featured_media":0,"parent":0,"menu_order":0,"comment_status":"closed","ping_status":"closed","template":"","meta":[],"_links":{"self":[{"href":"https:\/\/www.kosmopolitmusic.de\/index.php?rest_route=\/wp\/v2\/pages\/18"}],"collection":[{"href":"https:\/\/www.kosmopolitmusic.de\/index.php?rest_route=\/wp\/v2\/pages"}],"about":[{"href":"https:\/\/www.kosmopolitmusic.de\/index.php?rest_route=\/wp\/v2\/types\/page"}],"author":[{"embeddable":true,"href":"https:\/\/www.kosmopolitmusic.de\/index.php?rest_route=\/wp\/v2\/users\/1"}],"replies":[{"embeddable":true,"href":"https:\/\/www.kosmopolitmusic.de\/index.php?rest_route=%2Fwp%2Fv2%2Fcomments&post=18"}],"version-history":[{"count":22,"href":"https:\/\/www.kosmopolitmusic.de\/index.php?rest_route=\/wp\/v2\/pages\/18\/revisions"}],"predecessor-version":[{"id":873,"href":"https:\/\/www.kosmopolitmusic.de\/index.php?rest_route=\/wp\/v2\/pages\/18\/revisions\/873"}],"wp:attachment":[{"href":"https:\/\/www.kosmopolitmusic.de\/index.php?rest_route=%2Fwp%2Fv2%2Fmedia&parent=18"}],"curies":[{"name":"wp","href":"https:\/\/api.w.org\/{rel}","templated":true}]}}